{"id":24,"date":"2020-10-16T12:08:00","date_gmt":"2020-10-16T09:08:00","guid":{"rendered":"http:\/\/demo.safirtema.com\/anka\/?page_id=24"},"modified":"2022-09-13T13:32:50","modified_gmt":"2022-09-13T10:32:50","slug":"iletisim","status":"publish","type":"page","link":"https:\/\/balikesirobjektif.com\/index.php\/iletisim\/","title":{"rendered":"\u0130leti\u015fim"},"content":{"rendered":"\r\n<p class=\"page_speed_107383338\"><strong>\u0130MT\u0130YAZ SAH\u0130B\u0130<\/strong><br \/><strong><em>\u0130mtiyaz Sahibi Bal\u0131kesir Objektif Gazetesi<\/em><\/strong><br \/>(mail@mailadresiniz.com)<\/p>\r\n<p>&nbsp;<\/p>\r\n<p class=\"page_speed_107383338\"><strong>GENEL YAYIN Y\u00d6NETMEN\u0130<\/strong><br \/><strong><em>Genel Yay\u0131n Y\u00f6netmeni Objektif Gazetesi<\/em><\/strong><br \/>(mail@mailadresiniz.com)<\/p>\r\n<p class=\"page_speed_107383338\">\u00a0<\/p>\r\n<p class=\"page_speed_107383338\"><strong>SOSYAL MEDYA \u0130HBAR HATTI<\/strong><br \/>https:\/\/www.facebook.com\/balikesirobjektifgazetesi<\/p>\r\n<p>https:\/\/www.instagram.com\/balikesiredair<\/p>\r\n<p class=\"page_speed_107383338\">\u00a0<\/p>\r\n<p class=\"page_speed_107383338\"><strong>ED\u0130T\u00d6RLER<\/strong><br \/>Edit\u00f6r 1 &#8211; Gece Edit\u00f6r\u00fc<br \/>Edit\u00f6r 2 &#8211; Gece Edit\u00f6r\u00fc<br \/>Edit\u00f6r 3 &#8211;\u00a0<br \/>Edit\u00f6r 4 &#8211;\u00a0<\/p>\r\n<p class=\"page_speed_107383338\"><strong>YAZILIM<\/strong><\/p>\r\n<p class=\"page_speed_107383338\">BALIKES\u0130R AKT\u00dcEL YAZILIM EK\u0130B\u0130<\/p>\r\n<p class=\"page_speed_107383338\"><strong>DOMAIN SERV\u0130S\u0130<\/strong><\/p>\r\n<p class=\"page_speed_107383338\">DATAB\u0130R<\/p>\r\n<p class=\"page_speed_107383338\"><strong>HOSTING SERV\u0130S\u0130<\/strong><\/p>\r\n<p class=\"page_speed_107383338\">DATAB\u0130R H\u0130ZMET SA\u011eLAYICI<\/p>\r\n<p class=\"page_speed_107383338\"><strong>REKLAM REZERVASYON<\/strong><br \/>(blkobjektifgazetesi@gmail.com)<br \/><br \/><\/p>\r\n<p>&nbsp;<\/p>\r\n<p class=\"page_speed_107383338\"><strong>BASIN B\u00dcLTENLER\u0130<\/strong><br \/>Sitemizin ilgili kategorilerinde yer almas\u0131n\u0131 istedi\u011finiz haberleri<br \/>a\u015fa\u011f\u0131daki mail adresi arac\u0131l\u0131\u011f\u0131 ile bize bildirebilirsiniz.<br \/>(blkobjektifgazetesi@gmail.com)<\/p>\r\n<p>&nbsp;<\/p>\r\n<p class=\"page_speed_107383338\"><strong>ADRES<\/strong><br \/>ESK\u0130 KUYUMCULAR MAH. ANAFARTALAR CADDES\u0130<br \/>MORTA\u015e \u0130\u015eHANI KAT:50 KARES\u0130 BALIKES\u0130R<\/p>\r\n<p class=\"page_speed_107383338\"><strong>ALTYAPI ve TEMA<\/strong><br \/>Bal\u0131kesir Akt\u00fcel Medya<\/p>\r\n<p class=\"page_speed_107383338\">Sitede yay\u0131mlanan K\u00f6\u015fe Yaz\u0131lar\u0131 ve Yorumlar\u0131n sorumlulu\u011fu yazarlar\u0131na aittir.<\/p>\r\n","protected":false},"excerpt":{"rendered":"<p>\u0130MT\u0130YAZ SAH\u0130B\u0130\u0130mtiyaz Sahibi Bal\u0131kesir Objektif Gazetesi(mail@mailadresiniz.com) &nbsp; GENEL YAYIN Y\u00d6NETMEN\u0130Genel Yay\u0131n Y\u00f6netmeni Objektif Gazetesi(mail@mailadresiniz.com) \u00a0 SOSYAL MEDYA \u0130HBAR HATTIhttps:\/\/www.facebook.com\/balikesirobjektifgazetesi https:\/\/www.instagram.com\/balikesiredair \u00a0 ED\u0130T\u00d6RLEREdit\u00f6r 1 &#8211; Gece Edit\u00f6r\u00fcEdit\u00f6r 2 &#8211; Gece Edit\u00f6r\u00fcEdit\u00f6r 3 &#8211;\u00a0Edit\u00f6r 4 &#8211;\u00a0 YAZILIM BALIKES\u0130R AKT\u00dcEL YAZILIM EK\u0130B\u0130 DOMAIN SERV\u0130S\u0130 DATAB\u0130R HOSTING SERV\u0130S\u0130 DATAB\u0130R H\u0130ZMET SA\u011eLAYICI REKLAM REZERVASYON(blkobjektifgazetesi@gmail.com) &nbsp; BASIN B\u00dcLTENLER\u0130Sitemizin ilgili kategorilerinde yer [&hellip;]<\/p>\n","protected":false},"author":1,"featured_media":0,"parent":0,"menu_order":0,"comment_status":"closed","ping_status":"closed","template":"pages\/page-contact.php","meta":{"footnotes":""},"class_list":["post-24","page","type-page","status-publish","hentry"],"_links":{"self":[{"href":"https:\/\/balikesirobjektif.com\/index.php\/wp-json\/wp\/v2\/pages\/24","targetHints":{"allow":["GET"]}}],"collection":[{"href":"https:\/\/balikesirobjektif.com\/index.php\/wp-json\/wp\/v2\/pages"}],"about":[{"href":"https:\/\/balikesirobjektif.com\/index.php\/wp-json\/wp\/v2\/types\/page"}],"author":[{"embeddable":true,"href":"https:\/\/balikesirobjektif.com\/index.php\/wp-json\/wp\/v2\/users\/1"}],"replies":[{"embeddable":true,"href":"https:\/\/balikesirobjektif.com\/index.php\/wp-json\/wp\/v2\/comments?post=24"}],"version-history":[{"count":3,"href":"https:\/\/balikesirobjektif.com\/index.php\/wp-json\/wp\/v2\/pages\/24\/revisions"}],"predecessor-version":[{"id":1352,"href":"https:\/\/balikesirobjektif.com\/index.php\/wp-json\/wp\/v2\/pages\/24\/revisions\/1352"}],"wp:attachment":[{"href":"https:\/\/balikesirobjektif.com\/index.php\/wp-json\/wp\/v2\/media?parent=24"}],"curies":[{"name":"wp","href":"https:\/\/api.w.org\/{rel}","templated":true}]}}